{"id":8684,"date":"2023-06-28T11:13:27","date_gmt":"2023-06-28T11:13:27","guid":{"rendered":"https:\/\/boreuro.com\/?page_id=8684"},"modified":"2023-07-07T12:34:25","modified_gmt":"2023-07-07T12:34:25","slug":"roba-laboral","status":"publish","type":"page","link":"https:\/\/boreuro.com\/ca\/roba-laboral\/","title":{"rendered":"Roba laboral"},"content":{"rendered":"\t\t<div data-elementor-type=\"wp-page\" data-elementor-id=\"8684\" class=\"elementor elementor-8684 elementor-8683\" data-elementor-post-type=\"page\">\n\t\t\t\t\t\t<section class=\"elementor-section elementor-top-section elementor-element elementor-element-e3b357e elementor-section-boxed elementor-section-height-default elementor-section-height-default qodef-elementor-content-no\" data-id=\"e3b357e\" data-element_type=\"section\" data-settings=\"{&quot;background_background&quot;:&quot;classic&quot;}\">\n\t\t\t\t\t\t<div class=\"elementor-container elementor-column-gap-default\">\n\t\t\t\t\t<div class=\"elementor-column elementor-col-100 elementor-top-column elementor-element elementor-element-36b913b\" data-id=\"36b913b\" data-element_type=\"column\" data-settings=\"{&quot;background_background&quot;:&quot;classic&quot;}\">\n\t\t\t<div class=\"elementor-widget-wrap elementor-element-populated\">\n\t\t\t\t\t\t<div class=\"elementor-element elementor-element-de02f41 elementor-widget elementor-widget-heading\" data-id=\"de02f41\" data-element_type=\"widget\" data-widget_type=\"heading.default\">\n\t\t\t\t<div class=\"elementor-widget-container\">\n\t\t\t<h1 class=\"elementor-heading-title elementor-size-default\">Roba laboral<\/h1>\t\t<\/div>\n\t\t\t\t<\/div>\n\t\t\t\t\t<\/div>\n\t\t<\/div>\n\t\t\t\t\t<\/div>\n\t\t<\/section>\n\t\t\t\t<section class=\"elementor-section elementor-top-section elementor-element elementor-element-104b3ce elementor-section-boxed elementor-section-height-default elementor-section-height-default qodef-elementor-content-no\" data-id=\"104b3ce\" data-element_type=\"section\">\n\t\t\t\t\t\t<div class=\"elementor-container elementor-column-gap-default\">\n\t\t\t\t\t<div class=\"elementor-column elementor-col-50 elementor-top-column elementor-element elementor-element-87a673a\" data-id=\"87a673a\" data-element_type=\"column\">\n\t\t\t<div class=\"elementor-widget-wrap elementor-element-populated\">\n\t\t\t\t\t\t<div class=\"elementor-element elementor-element-f1d5968 elementor-widget elementor-widget-image\" data-id=\"f1d5968\" data-element_type=\"widget\" data-widget_type=\"image.default\">\n\t\t\t\t<div class=\"elementor-widget-container\">\n\t\t\t\t\t\t\t\t\t\t\t\t\t<img fetchpriority=\"high\" decoding=\"async\" width=\"550\" height=\"670\" src=\"https:\/\/boreuro.com\/wp-content\/uploads\/2023\/06\/ropa_laboral_ima_1.jpg\" class=\"attachment-full size-full wp-image-8690\" alt=\"\" srcset=\"https:\/\/boreuro.com\/wp-content\/uploads\/2023\/06\/ropa_laboral_ima_1.jpg 550w, https:\/\/boreuro.com\/wp-content\/uploads\/2023\/06\/ropa_laboral_ima_1-246x300.jpg 246w\" sizes=\"(max-width: 550px) 100vw, 550px\" \/>\t\t\t\t\t\t\t\t\t\t\t\t\t<\/div>\n\t\t\t\t<\/div>\n\t\t\t\t\t<\/div>\n\t\t<\/div>\n\t\t\t\t<div class=\"elementor-column elementor-col-50 elementor-top-column elementor-element elementor-element-8638699\" data-id=\"8638699\" data-element_type=\"column\">\n\t\t\t<div class=\"elementor-widget-wrap elementor-element-populated\">\n\t\t\t\t\t\t<div class=\"elementor-element elementor-element-4e6bf3b elementor-widget elementor-widget-heading\" data-id=\"4e6bf3b\" data-element_type=\"widget\" data-widget_type=\"heading.default\">\n\t\t\t\t<div class=\"elementor-widget-container\">\n\t\t\t<h4 class=\"elementor-heading-title elementor-size-default\">Brodat de roba laboral a Barcelona<\/h4>\t\t<\/div>\n\t\t\t\t<\/div>\n\t\t\t\t<div class=\"elementor-element elementor-element-608061d elementor-widget elementor-widget-heading\" data-id=\"608061d\" data-element_type=\"widget\" data-widget_type=\"heading.default\">\n\t\t\t\t<div class=\"elementor-widget-container\">\n\t\t\t<h2 class=\"elementor-heading-title elementor-size-default\">En el nostre taller a Barcelona de brodat de roba laboral podem personalitzar qualsevol pe\u00e7a o uniforme.<\/h2>\t\t<\/div>\n\t\t\t\t<\/div>\n\t\t\t\t<div class=\"elementor-element elementor-element-02fe61c elementor-widget elementor-widget-text-editor\" data-id=\"02fe61c\" data-element_type=\"widget\" data-widget_type=\"text-editor.default\">\n\t\t\t\t<div class=\"elementor-widget-container\">\n\t\t\t\t\t\t\t<div class=\"flex flex-grow flex-col gap-3\">\n<div class=\"min-h-[20px] flex items-start overflow-x-auto whitespace-pre-wrap break-words flex-col gap-4\">\n<div class=\"markdown prose w-full break-words dark:prose-invert light\">\n<p>Per a qualsevol empresa, publicitar el seu nom en el vestuari dels seus treballadors \u00e9s una efica\u00e7 estrat\u00e8gia de m\u00e0rqueting amb la qual s&#8217;aconsegueix potenciar la imatge corporativa i optimitzar el seu posicionament en la ment del consumidor. Si el teu tamb\u00e9 vols donar un impuls al teu negoci, pregunta pel nostre servei de <strong>brodat de roba laboral a Barcelona<\/strong>. Els nostres brodats aportaran exclusivitat i prestigi al vestuari dels teus empleats.<\/p>\n<p>En <span class=\"color-fuente-destacado\">Bordados Europa L\u00e0ser<\/span> li oferim solucions t\u00e8xtils a mesura de les seves necessitats. Consulta sense comprom\u00eds entre la nostra \u00e0mplia gamma de serveis de <strong>brodat de roba laboral<\/strong>. Els nostres preus s\u00f3n molt competitius i la personalitzaci\u00f3 t\u00e9 una durabilitat pr\u00e0cticament il\u00b7limitada, pot aplicar-se a qualsevol tipus de pe\u00e7a i teixit, amb fons fosc o clar.<\/p>\n<\/div>\n<\/div>\n<\/div>\n\t\t\t\t\t\t<\/div>\n\t\t\t\t<\/div>\n\t\t\t\t\t<\/div>\n\t\t<\/div>\n\t\t\t\t\t<\/div>\n\t\t<\/section>\n\t\t\t\t<\/div>\n\t\t","protected":false},"excerpt":{"rendered":"<p>Brodat de roba laboral a Barcelona En el nostre taller a Barcelona de brodat de roba laboral podem personalitzar qualsevol pe\u00e7a o uniforme. Per a qualsevol empresa, publicitar el seu nom en el vestuari dels seus treballadors \u00e9s una efica\u00e7 estrat\u00e8gia de m\u00e0rqueting amb la qual s&#8217;aconsegueix potenciar la imatge corporativa i optimitzar el seu [&hellip;]<\/p>\n","protected":false},"author":1,"featured_media":0,"parent":0,"menu_order":0,"comment_status":"closed","ping_status":"closed","template":"page-full-width.php","meta":[],"yoast_head":"<!-- This site is optimized with the Yoast SEO plugin v20.10 - https:\/\/yoast.com\/wordpress\/plugins\/seo\/ -->\n<title>Roba laboral - Bordados Europa<\/title>\n<meta name=\"robots\" content=\"index, follow, max-snippet:-1, max-image-preview:large, max-video-preview:-1\" \/>\n<link rel=\"canonical\" href=\"https:\/\/boreuro.com\/ca\/roba-laboral\/\" \/>\n<meta property=\"og:locale\" content=\"ca_ES\" \/>\n<meta property=\"og:type\" content=\"article\" \/>\n<meta property=\"og:title\" content=\"Roba laboral - Bordados Europa\" \/>\n<meta property=\"og:description\" content=\"Brodat de roba laboral a Barcelona En el nostre taller a Barcelona de brodat de roba laboral podem personalitzar qualsevol pe\u00e7a o uniforme. Per a qualsevol empresa, publicitar el seu nom en el vestuari dels seus treballadors \u00e9s una efica\u00e7 estrat\u00e8gia de m\u00e0rqueting amb la qual s&#8217;aconsegueix potenciar la imatge corporativa i optimitzar el seu [&hellip;]\" \/>\n<meta property=\"og:url\" content=\"https:\/\/boreuro.com\/ca\/roba-laboral\/\" \/>\n<meta property=\"og:site_name\" content=\"Bordados Europa\" \/>\n<meta property=\"article:modified_time\" content=\"2023-07-07T12:34:25+00:00\" \/>\n<meta property=\"og:image\" content=\"https:\/\/boreuro.com\/wp-content\/uploads\/2023\/06\/ropa_laboral_ima_1.jpg\" \/>\n<meta name=\"twitter:card\" content=\"summary_large_image\" \/>\n<meta name=\"twitter:label1\" content=\"Est. reading time\" \/>\n\t<meta name=\"twitter:data1\" content=\"2 minutes\" \/>\n<script type=\"application\/ld+json\" class=\"yoast-schema-graph\">{\"@context\":\"https:\/\/schema.org\",\"@graph\":[{\"@type\":\"WebPage\",\"@id\":\"https:\/\/boreuro.com\/ca\/roba-laboral\/\",\"url\":\"https:\/\/boreuro.com\/ca\/roba-laboral\/\",\"name\":\"Roba laboral - Bordados Europa\",\"isPartOf\":{\"@id\":\"https:\/\/boreuro.com\/ca\/#website\"},\"datePublished\":\"2023-06-28T11:13:27+00:00\",\"dateModified\":\"2023-07-07T12:34:25+00:00\",\"breadcrumb\":{\"@id\":\"https:\/\/boreuro.com\/ca\/roba-laboral\/#breadcrumb\"},\"inLanguage\":\"ca\",\"potentialAction\":[{\"@type\":\"ReadAction\",\"target\":[\"https:\/\/boreuro.com\/ca\/roba-laboral\/\"]}]},{\"@type\":\"BreadcrumbList\",\"@id\":\"https:\/\/boreuro.com\/ca\/roba-laboral\/#breadcrumb\",\"itemListElement\":[{\"@type\":\"ListItem\",\"position\":1,\"name\":\"Portada\",\"item\":\"https:\/\/boreuro.com\/ca\/bordados-europa\/\"},{\"@type\":\"ListItem\",\"position\":2,\"name\":\"Roba laboral\"}]},{\"@type\":\"WebSite\",\"@id\":\"https:\/\/boreuro.com\/ca\/#website\",\"url\":\"https:\/\/boreuro.com\/ca\/\",\"name\":\"Bordados Europa\",\"description\":\"\",\"publisher\":{\"@id\":\"https:\/\/boreuro.com\/ca\/#organization\"},\"potentialAction\":[{\"@type\":\"SearchAction\",\"target\":{\"@type\":\"EntryPoint\",\"urlTemplate\":\"https:\/\/boreuro.com\/ca\/?s={search_term_string}\"},\"query-input\":\"required name=search_term_string\"}],\"inLanguage\":\"ca\"},{\"@type\":\"Organization\",\"@id\":\"https:\/\/boreuro.com\/ca\/#organization\",\"name\":\"Bordados Europa\",\"url\":\"https:\/\/boreuro.com\/ca\/\",\"logo\":{\"@type\":\"ImageObject\",\"inLanguage\":\"ca\",\"@id\":\"https:\/\/boreuro.com\/ca\/#\/schema\/logo\/image\/\",\"url\":\"https:\/\/boreuro.com\/wp-content\/uploads\/2023\/04\/logo_color.png\",\"contentUrl\":\"https:\/\/boreuro.com\/wp-content\/uploads\/2023\/04\/logo_color.png\",\"width\":300,\"height\":129,\"caption\":\"Bordados Europa\"},\"image\":{\"@id\":\"https:\/\/boreuro.com\/ca\/#\/schema\/logo\/image\/\"}}]}<\/script>\n<!-- \/ Yoast SEO plugin. -->","yoast_head_json":{"title":"Roba laboral - Bordados Europa","robots":{"index":"index","follow":"follow","max-snippet":"max-snippet:-1","max-image-preview":"max-image-preview:large","max-video-preview":"max-video-preview:-1"},"canonical":"https:\/\/boreuro.com\/ca\/roba-laboral\/","og_locale":"ca_ES","og_type":"article","og_title":"Roba laboral - Bordados Europa","og_description":"Brodat de roba laboral a Barcelona En el nostre taller a Barcelona de brodat de roba laboral podem personalitzar qualsevol pe\u00e7a o uniforme. Per a qualsevol empresa, publicitar el seu nom en el vestuari dels seus treballadors \u00e9s una efica\u00e7 estrat\u00e8gia de m\u00e0rqueting amb la qual s&#8217;aconsegueix potenciar la imatge corporativa i optimitzar el seu [&hellip;]","og_url":"https:\/\/boreuro.com\/ca\/roba-laboral\/","og_site_name":"Bordados Europa","article_modified_time":"2023-07-07T12:34:25+00:00","og_image":[{"url":"https:\/\/boreuro.com\/wp-content\/uploads\/2023\/06\/ropa_laboral_ima_1.jpg"}],"twitter_card":"summary_large_image","twitter_misc":{"Est. reading time":"2 minutes"},"schema":{"@context":"https:\/\/schema.org","@graph":[{"@type":"WebPage","@id":"https:\/\/boreuro.com\/ca\/roba-laboral\/","url":"https:\/\/boreuro.com\/ca\/roba-laboral\/","name":"Roba laboral - Bordados Europa","isPartOf":{"@id":"https:\/\/boreuro.com\/ca\/#website"},"datePublished":"2023-06-28T11:13:27+00:00","dateModified":"2023-07-07T12:34:25+00:00","breadcrumb":{"@id":"https:\/\/boreuro.com\/ca\/roba-laboral\/#breadcrumb"},"inLanguage":"ca","potentialAction":[{"@type":"ReadAction","target":["https:\/\/boreuro.com\/ca\/roba-laboral\/"]}]},{"@type":"BreadcrumbList","@id":"https:\/\/boreuro.com\/ca\/roba-laboral\/#breadcrumb","itemListElement":[{"@type":"ListItem","position":1,"name":"Portada","item":"https:\/\/boreuro.com\/ca\/bordados-europa\/"},{"@type":"ListItem","position":2,"name":"Roba laboral"}]},{"@type":"WebSite","@id":"https:\/\/boreuro.com\/ca\/#website","url":"https:\/\/boreuro.com\/ca\/","name":"Bordados Europa","description":"","publisher":{"@id":"https:\/\/boreuro.com\/ca\/#organization"},"potentialAction":[{"@type":"SearchAction","target":{"@type":"EntryPoint","urlTemplate":"https:\/\/boreuro.com\/ca\/?s={search_term_string}"},"query-input":"required name=search_term_string"}],"inLanguage":"ca"},{"@type":"Organization","@id":"https:\/\/boreuro.com\/ca\/#organization","name":"Bordados Europa","url":"https:\/\/boreuro.com\/ca\/","logo":{"@type":"ImageObject","inLanguage":"ca","@id":"https:\/\/boreuro.com\/ca\/#\/schema\/logo\/image\/","url":"https:\/\/boreuro.com\/wp-content\/uploads\/2023\/04\/logo_color.png","contentUrl":"https:\/\/boreuro.com\/wp-content\/uploads\/2023\/04\/logo_color.png","width":300,"height":129,"caption":"Bordados Europa"},"image":{"@id":"https:\/\/boreuro.com\/ca\/#\/schema\/logo\/image\/"}}]}},"_links":{"self":[{"href":"https:\/\/boreuro.com\/ca\/wp-json\/wp\/v2\/pages\/8684"}],"collection":[{"href":"https:\/\/boreuro.com\/ca\/wp-json\/wp\/v2\/pages"}],"about":[{"href":"https:\/\/boreuro.com\/ca\/wp-json\/wp\/v2\/types\/page"}],"author":[{"embeddable":true,"href":"https:\/\/boreuro.com\/ca\/wp-json\/wp\/v2\/users\/1"}],"replies":[{"embeddable":true,"href":"https:\/\/boreuro.com\/ca\/wp-json\/wp\/v2\/comments?post=8684"}],"version-history":[{"count":3,"href":"https:\/\/boreuro.com\/ca\/wp-json\/wp\/v2\/pages\/8684\/revisions"}],"predecessor-version":[{"id":8857,"href":"https:\/\/boreuro.com\/ca\/wp-json\/wp\/v2\/pages\/8684\/revisions\/8857"}],"wp:attachment":[{"href":"https:\/\/boreuro.com\/ca\/wp-json\/wp\/v2\/media?parent=8684"}],"curies":[{"name":"wp","href":"https:\/\/api.w.org\/{rel}","templated":true}]}}