{"id":8636,"date":"2023-06-28T10:38:49","date_gmt":"2023-06-28T10:38:49","guid":{"rendered":"https:\/\/boreuro.com\/?page_id=8636"},"modified":"2024-02-14T09:32:06","modified_gmt":"2024-02-14T09:32:06","slug":"transfer-dtf","status":"publish","type":"page","link":"https:\/\/boreuro.com\/ca\/transfer-dtf\/","title":{"rendered":"Transfer DTF"},"content":{"rendered":"\t\t<div data-elementor-type=\"wp-page\" data-elementor-id=\"8636\" class=\"elementor elementor-8636 elementor-8635\" data-elementor-post-type=\"page\">\n\t\t\t\t\t\t<section class=\"elementor-section elementor-top-section elementor-element elementor-element-e3b357e elementor-section-boxed elementor-section-height-default elementor-section-height-default qodef-elementor-content-no\" data-id=\"e3b357e\" data-element_type=\"section\" data-settings=\"{&quot;background_background&quot;:&quot;classic&quot;}\">\n\t\t\t\t\t\t<div class=\"elementor-container elementor-column-gap-default\">\n\t\t\t\t\t<div class=\"elementor-column elementor-col-100 elementor-top-column elementor-element elementor-element-36b913b\" data-id=\"36b913b\" data-element_type=\"column\" data-settings=\"{&quot;background_background&quot;:&quot;classic&quot;}\">\n\t\t\t<div class=\"elementor-widget-wrap elementor-element-populated\">\n\t\t\t\t\t\t<div class=\"elementor-element elementor-element-de02f41 elementor-widget elementor-widget-heading\" data-id=\"de02f41\" data-element_type=\"widget\" data-widget_type=\"heading.default\">\n\t\t\t\t<div class=\"elementor-widget-container\">\n\t\t\t<h1 class=\"elementor-heading-title elementor-size-default\">Transfer DTF<\/h1>\t\t<\/div>\n\t\t\t\t<\/div>\n\t\t\t\t\t<\/div>\n\t\t<\/div>\n\t\t\t\t\t<\/div>\n\t\t<\/section>\n\t\t\t\t<section class=\"elementor-section elementor-top-section elementor-element elementor-element-104b3ce elementor-section-boxed elementor-section-height-default elementor-section-height-default qodef-elementor-content-no\" data-id=\"104b3ce\" data-element_type=\"section\">\n\t\t\t\t\t\t<div class=\"elementor-container elementor-column-gap-default\">\n\t\t\t\t\t<div class=\"elementor-column elementor-col-50 elementor-top-column elementor-element elementor-element-87a673a\" data-id=\"87a673a\" data-element_type=\"column\">\n\t\t\t<div class=\"elementor-widget-wrap elementor-element-populated\">\n\t\t\t\t\t\t<div class=\"elementor-element elementor-element-f1d5968 elementor-widget elementor-widget-image\" data-id=\"f1d5968\" data-element_type=\"widget\" data-widget_type=\"image.default\">\n\t\t\t\t<div class=\"elementor-widget-container\">\n\t\t\t\t\t\t\t\t\t\t\t\t\t<img fetchpriority=\"high\" decoding=\"async\" width=\"550\" height=\"670\" src=\"https:\/\/boreuro.com\/wp-content\/uploads\/2023\/06\/serigrafia_ima1.jpg\" class=\"attachment-full size-full wp-image-8666\" alt=\"\" srcset=\"https:\/\/boreuro.com\/wp-content\/uploads\/2023\/06\/serigrafia_ima1.jpg 550w, https:\/\/boreuro.com\/wp-content\/uploads\/2023\/06\/serigrafia_ima1-246x300.jpg 246w\" sizes=\"(max-width: 550px) 100vw, 550px\" \/>\t\t\t\t\t\t\t\t\t\t\t\t\t<\/div>\n\t\t\t\t<\/div>\n\t\t\t\t\t<\/div>\n\t\t<\/div>\n\t\t\t\t<div class=\"elementor-column elementor-col-50 elementor-top-column elementor-element elementor-element-8638699\" data-id=\"8638699\" data-element_type=\"column\">\n\t\t\t<div class=\"elementor-widget-wrap elementor-element-populated\">\n\t\t\t\t\t\t<div class=\"elementor-element elementor-element-4e6bf3b elementor-widget elementor-widget-heading\" data-id=\"4e6bf3b\" data-element_type=\"widget\" data-widget_type=\"heading.default\">\n\t\t\t\t<div class=\"elementor-widget-container\">\n\t\t\t<h4 class=\"elementor-heading-title elementor-size-default\">Transfer DTF a Barcelona<\/h4>\t\t<\/div>\n\t\t\t\t<\/div>\n\t\t\t\t<div class=\"elementor-element elementor-element-608061d elementor-widget elementor-widget-heading\" data-id=\"608061d\" data-element_type=\"widget\" data-widget_type=\"heading.default\">\n\t\t\t\t<div class=\"elementor-widget-container\">\n\t\t\t<h2 class=\"elementor-heading-title elementor-size-default\">Taller a Barcelona de transfer DTF per a personalitzaci\u00f3 de roba<\/h2>\t\t<\/div>\n\t\t\t\t<\/div>\n\t\t\t\t<div class=\"elementor-element elementor-element-02fe61c elementor-widget elementor-widget-text-editor\" data-id=\"02fe61c\" data-element_type=\"widget\" data-widget_type=\"text-editor.default\">\n\t\t\t\t<div class=\"elementor-widget-container\">\n\t\t\t\t\t\t\t<div class=\"flex flex-grow flex-col gap-3\">\n<div class=\"min-h-[20px] flex items-start overflow-x-auto whitespace-pre-wrap break-words flex-col gap-4\">\n<div class=\"markdown prose w-full break-words dark:prose-invert light\">\n<p>Roba laboral, uniformes, roba d&#8217;esport, roba per a penyes, samarretes per a comiats de solter, samarretes per a concerts, tovalloles, llen\u00e7ols.. En&nbsp;<span class=\"color-fuente-destacado\">Bordados Europa L\u00e0ser<\/span>&nbsp;som especialistes en personalitzar tot tipus de peces mitjan\u00e7ant&nbsp;<strong>transfer DTF<\/strong>, una de les t\u00e8cniques d&#8217;impressi\u00f3 que millors acabats proporciona, amb durabilitat a preus molt competitius.<\/p>\n<p>Al nostre taller de&nbsp;<strong>transfer DTF a Barcelona<\/strong>&nbsp;oferim pressupostos sense compet\u00e8ncia tant per a tirades grans com per a les de poques unitats. Amb un o diversos colors, sobre fons fosc o clar, per a textos, logos i fotografies. Contacta amb nosaltres i informa&#8217;t sense comprom\u00eds.<\/p>\n<\/div>\n<\/div>\n<\/div>\t\t\t\t\t\t<\/div>\n\t\t\t\t<\/div>\n\t\t\t\t\t<\/div>\n\t\t<\/div>\n\t\t\t\t\t<\/div>\n\t\t<\/section>\n\t\t\t\t<\/div>\n\t\t","protected":false},"excerpt":{"rendered":"<p>Transfer DTF a Barcelona Taller a Barcelona de transfer DTF per a personalitzaci\u00f3 de roba Roba laboral, uniformes, roba d&#8217;esport, roba per a penyes, samarretes per a comiats de solter, samarretes per a concerts, tovalloles, llen\u00e7ols.. En&nbsp;Bordados Europa L\u00e0ser&nbsp;som especialistes en personalitzar tot tipus de peces mitjan\u00e7ant&nbsp;transfer DTF, una de les t\u00e8cniques d&#8217;impressi\u00f3 que millors [&hellip;]<\/p>\n","protected":false},"author":1,"featured_media":0,"parent":0,"menu_order":0,"comment_status":"closed","ping_status":"closed","template":"page-full-width.php","meta":[],"yoast_head":"<!-- This site is optimized with the Yoast SEO plugin v20.10 - https:\/\/yoast.com\/wordpress\/plugins\/seo\/ -->\n<title>Transfer DTF - Bordados Europa<\/title>\n<meta name=\"robots\" content=\"index, follow, max-snippet:-1, max-image-preview:large, max-video-preview:-1\" \/>\n<link rel=\"canonical\" href=\"https:\/\/boreuro.com\/ca\/transfer-dtf\/\" \/>\n<meta property=\"og:locale\" content=\"ca_ES\" \/>\n<meta property=\"og:type\" content=\"article\" \/>\n<meta property=\"og:title\" content=\"Transfer DTF - Bordados Europa\" \/>\n<meta property=\"og:description\" content=\"Transfer DTF a Barcelona Taller a Barcelona de transfer DTF per a personalitzaci\u00f3 de roba Roba laboral, uniformes, roba d&#8217;esport, roba per a penyes, samarretes per a comiats de solter, samarretes per a concerts, tovalloles, llen\u00e7ols.. En&nbsp;Bordados Europa L\u00e0ser&nbsp;som especialistes en personalitzar tot tipus de peces mitjan\u00e7ant&nbsp;transfer DTF, una de les t\u00e8cniques d&#8217;impressi\u00f3 que millors [&hellip;]\" \/>\n<meta property=\"og:url\" content=\"https:\/\/boreuro.com\/ca\/transfer-dtf\/\" \/>\n<meta property=\"og:site_name\" content=\"Bordados Europa\" \/>\n<meta property=\"article:modified_time\" content=\"2024-02-14T09:32:06+00:00\" \/>\n<meta property=\"og:image\" content=\"https:\/\/boreuro.com\/wp-content\/uploads\/2023\/06\/serigrafia_ima1.jpg\" \/>\n<meta name=\"twitter:card\" content=\"summary_large_image\" \/>\n<meta name=\"twitter:label1\" content=\"Est. reading time\" \/>\n\t<meta name=\"twitter:data1\" content=\"2 minutes\" \/>\n<script type=\"application\/ld+json\" class=\"yoast-schema-graph\">{\"@context\":\"https:\/\/schema.org\",\"@graph\":[{\"@type\":\"WebPage\",\"@id\":\"https:\/\/boreuro.com\/ca\/transfer-dtf\/\",\"url\":\"https:\/\/boreuro.com\/ca\/transfer-dtf\/\",\"name\":\"Transfer DTF - Bordados Europa\",\"isPartOf\":{\"@id\":\"https:\/\/boreuro.com\/ca\/#website\"},\"datePublished\":\"2023-06-28T10:38:49+00:00\",\"dateModified\":\"2024-02-14T09:32:06+00:00\",\"breadcrumb\":{\"@id\":\"https:\/\/boreuro.com\/ca\/transfer-dtf\/#breadcrumb\"},\"inLanguage\":\"ca\",\"potentialAction\":[{\"@type\":\"ReadAction\",\"target\":[\"https:\/\/boreuro.com\/ca\/transfer-dtf\/\"]}]},{\"@type\":\"BreadcrumbList\",\"@id\":\"https:\/\/boreuro.com\/ca\/transfer-dtf\/#breadcrumb\",\"itemListElement\":[{\"@type\":\"ListItem\",\"position\":1,\"name\":\"Portada\",\"item\":\"https:\/\/boreuro.com\/ca\/bordados-europa\/\"},{\"@type\":\"ListItem\",\"position\":2,\"name\":\"Transfer DTF\"}]},{\"@type\":\"WebSite\",\"@id\":\"https:\/\/boreuro.com\/ca\/#website\",\"url\":\"https:\/\/boreuro.com\/ca\/\",\"name\":\"Bordados Europa\",\"description\":\"\",\"publisher\":{\"@id\":\"https:\/\/boreuro.com\/ca\/#organization\"},\"potentialAction\":[{\"@type\":\"SearchAction\",\"target\":{\"@type\":\"EntryPoint\",\"urlTemplate\":\"https:\/\/boreuro.com\/ca\/?s={search_term_string}\"},\"query-input\":\"required name=search_term_string\"}],\"inLanguage\":\"ca\"},{\"@type\":\"Organization\",\"@id\":\"https:\/\/boreuro.com\/ca\/#organization\",\"name\":\"Bordados Europa\",\"url\":\"https:\/\/boreuro.com\/ca\/\",\"logo\":{\"@type\":\"ImageObject\",\"inLanguage\":\"ca\",\"@id\":\"https:\/\/boreuro.com\/ca\/#\/schema\/logo\/image\/\",\"url\":\"https:\/\/boreuro.com\/wp-content\/uploads\/2023\/04\/logo_color.png\",\"contentUrl\":\"https:\/\/boreuro.com\/wp-content\/uploads\/2023\/04\/logo_color.png\",\"width\":300,\"height\":129,\"caption\":\"Bordados Europa\"},\"image\":{\"@id\":\"https:\/\/boreuro.com\/ca\/#\/schema\/logo\/image\/\"}}]}<\/script>\n<!-- \/ Yoast SEO plugin. -->","yoast_head_json":{"title":"Transfer DTF - Bordados Europa","robots":{"index":"index","follow":"follow","max-snippet":"max-snippet:-1","max-image-preview":"max-image-preview:large","max-video-preview":"max-video-preview:-1"},"canonical":"https:\/\/boreuro.com\/ca\/transfer-dtf\/","og_locale":"ca_ES","og_type":"article","og_title":"Transfer DTF - Bordados Europa","og_description":"Transfer DTF a Barcelona Taller a Barcelona de transfer DTF per a personalitzaci\u00f3 de roba Roba laboral, uniformes, roba d&#8217;esport, roba per a penyes, samarretes per a comiats de solter, samarretes per a concerts, tovalloles, llen\u00e7ols.. En&nbsp;Bordados Europa L\u00e0ser&nbsp;som especialistes en personalitzar tot tipus de peces mitjan\u00e7ant&nbsp;transfer DTF, una de les t\u00e8cniques d&#8217;impressi\u00f3 que millors [&hellip;]","og_url":"https:\/\/boreuro.com\/ca\/transfer-dtf\/","og_site_name":"Bordados Europa","article_modified_time":"2024-02-14T09:32:06+00:00","og_image":[{"url":"https:\/\/boreuro.com\/wp-content\/uploads\/2023\/06\/serigrafia_ima1.jpg"}],"twitter_card":"summary_large_image","twitter_misc":{"Est. reading time":"2 minutes"},"schema":{"@context":"https:\/\/schema.org","@graph":[{"@type":"WebPage","@id":"https:\/\/boreuro.com\/ca\/transfer-dtf\/","url":"https:\/\/boreuro.com\/ca\/transfer-dtf\/","name":"Transfer DTF - Bordados Europa","isPartOf":{"@id":"https:\/\/boreuro.com\/ca\/#website"},"datePublished":"2023-06-28T10:38:49+00:00","dateModified":"2024-02-14T09:32:06+00:00","breadcrumb":{"@id":"https:\/\/boreuro.com\/ca\/transfer-dtf\/#breadcrumb"},"inLanguage":"ca","potentialAction":[{"@type":"ReadAction","target":["https:\/\/boreuro.com\/ca\/transfer-dtf\/"]}]},{"@type":"BreadcrumbList","@id":"https:\/\/boreuro.com\/ca\/transfer-dtf\/#breadcrumb","itemListElement":[{"@type":"ListItem","position":1,"name":"Portada","item":"https:\/\/boreuro.com\/ca\/bordados-europa\/"},{"@type":"ListItem","position":2,"name":"Transfer DTF"}]},{"@type":"WebSite","@id":"https:\/\/boreuro.com\/ca\/#website","url":"https:\/\/boreuro.com\/ca\/","name":"Bordados Europa","description":"","publisher":{"@id":"https:\/\/boreuro.com\/ca\/#organization"},"potentialAction":[{"@type":"SearchAction","target":{"@type":"EntryPoint","urlTemplate":"https:\/\/boreuro.com\/ca\/?s={search_term_string}"},"query-input":"required name=search_term_string"}],"inLanguage":"ca"},{"@type":"Organization","@id":"https:\/\/boreuro.com\/ca\/#organization","name":"Bordados Europa","url":"https:\/\/boreuro.com\/ca\/","logo":{"@type":"ImageObject","inLanguage":"ca","@id":"https:\/\/boreuro.com\/ca\/#\/schema\/logo\/image\/","url":"https:\/\/boreuro.com\/wp-content\/uploads\/2023\/04\/logo_color.png","contentUrl":"https:\/\/boreuro.com\/wp-content\/uploads\/2023\/04\/logo_color.png","width":300,"height":129,"caption":"Bordados Europa"},"image":{"@id":"https:\/\/boreuro.com\/ca\/#\/schema\/logo\/image\/"}}]}},"_links":{"self":[{"href":"https:\/\/boreuro.com\/ca\/wp-json\/wp\/v2\/pages\/8636"}],"collection":[{"href":"https:\/\/boreuro.com\/ca\/wp-json\/wp\/v2\/pages"}],"about":[{"href":"https:\/\/boreuro.com\/ca\/wp-json\/wp\/v2\/types\/page"}],"author":[{"embeddable":true,"href":"https:\/\/boreuro.com\/ca\/wp-json\/wp\/v2\/users\/1"}],"replies":[{"embeddable":true,"href":"https:\/\/boreuro.com\/ca\/wp-json\/wp\/v2\/comments?post=8636"}],"version-history":[{"count":5,"href":"https:\/\/boreuro.com\/ca\/wp-json\/wp\/v2\/pages\/8636\/revisions"}],"predecessor-version":[{"id":8933,"href":"https:\/\/boreuro.com\/ca\/wp-json\/wp\/v2\/pages\/8636\/revisions\/8933"}],"wp:attachment":[{"href":"https:\/\/boreuro.com\/ca\/wp-json\/wp\/v2\/media?parent=8636"}],"curies":[{"name":"wp","href":"https:\/\/api.w.org\/{rel}","templated":true}]}}