{"id":8429,"date":"2021-08-06T14:15:13","date_gmt":"2021-08-06T14:15:13","guid":{"rendered":"https:\/\/boreuro.com\/nosaltres\/"},"modified":"2024-02-12T11:42:23","modified_gmt":"2024-02-12T11:42:23","slug":"nosaltres","status":"publish","type":"page","link":"https:\/\/boreuro.com\/ca\/nosaltres\/","title":{"rendered":"Empresa"},"content":{"rendered":"\t\t<div data-elementor-type=\"wp-page\" data-elementor-id=\"8429\" class=\"elementor elementor-8429 elementor-2602\" data-elementor-post-type=\"page\">\n\t\t\t\t\t\t<section class=\"elementor-section elementor-top-section elementor-element elementor-element-e3b357e elementor-section-boxed elementor-section-height-default elementor-section-height-default qodef-elementor-content-no\" data-id=\"e3b357e\" data-element_type=\"section\" data-settings=\"{&quot;background_background&quot;:&quot;classic&quot;}\">\n\t\t\t\t\t\t<div class=\"elementor-container elementor-column-gap-default\">\n\t\t\t\t\t<div class=\"elementor-column elementor-col-100 elementor-top-column elementor-element elementor-element-36b913b\" data-id=\"36b913b\" data-element_type=\"column\" data-settings=\"{&quot;background_background&quot;:&quot;classic&quot;}\">\n\t\t\t<div class=\"elementor-widget-wrap elementor-element-populated\">\n\t\t\t\t\t\t<div class=\"elementor-element elementor-element-de02f41 elementor-widget elementor-widget-heading\" data-id=\"de02f41\" data-element_type=\"widget\" data-widget_type=\"heading.default\">\n\t\t\t\t<div class=\"elementor-widget-container\">\n\t\t\t<h1 class=\"elementor-heading-title elementor-size-default\">Empresa<\/h1>\t\t<\/div>\n\t\t\t\t<\/div>\n\t\t\t\t\t<\/div>\n\t\t<\/div>\n\t\t\t\t\t<\/div>\n\t\t<\/section>\n\t\t\t\t<section class=\"elementor-section elementor-top-section elementor-element elementor-element-104b3ce elementor-section-boxed elementor-section-height-default elementor-section-height-default qodef-elementor-content-no\" data-id=\"104b3ce\" data-element_type=\"section\">\n\t\t\t\t\t\t<div class=\"elementor-container elementor-column-gap-default\">\n\t\t\t\t\t<div class=\"elementor-column elementor-col-50 elementor-top-column elementor-element elementor-element-87a673a\" data-id=\"87a673a\" data-element_type=\"column\">\n\t\t\t<div class=\"elementor-widget-wrap elementor-element-populated\">\n\t\t\t\t\t\t<div class=\"elementor-element elementor-element-f1d5968 elementor-widget elementor-widget-image\" data-id=\"f1d5968\" data-element_type=\"widget\" data-widget_type=\"image.default\">\n\t\t\t\t<div class=\"elementor-widget-container\">\n\t\t\t\t\t\t\t\t\t\t\t\t\t<img fetchpriority=\"high\" decoding=\"async\" width=\"550\" height=\"670\" src=\"https:\/\/boreuro.com\/wp-content\/uploads\/2023\/06\/empresa_ima_1.jpg\" class=\"attachment-full size-full wp-image-8628\" alt=\"\" srcset=\"https:\/\/boreuro.com\/wp-content\/uploads\/2023\/06\/empresa_ima_1.jpg 550w, https:\/\/boreuro.com\/wp-content\/uploads\/2023\/06\/empresa_ima_1-246x300.jpg 246w\" sizes=\"(max-width: 550px) 100vw, 550px\" \/>\t\t\t\t\t\t\t\t\t\t\t\t\t<\/div>\n\t\t\t\t<\/div>\n\t\t\t\t\t<\/div>\n\t\t<\/div>\n\t\t\t\t<div class=\"elementor-column elementor-col-50 elementor-top-column elementor-element elementor-element-8638699\" data-id=\"8638699\" data-element_type=\"column\">\n\t\t\t<div class=\"elementor-widget-wrap elementor-element-populated\">\n\t\t\t\t\t\t<div class=\"elementor-element elementor-element-4e6bf3b elementor-widget elementor-widget-heading\" data-id=\"4e6bf3b\" data-element_type=\"widget\" data-widget_type=\"heading.default\">\n\t\t\t\t<div class=\"elementor-widget-container\">\n\t\t\t<h4 class=\"elementor-heading-title elementor-size-default\">BRODATS A BARCELONA<\/h4>\t\t<\/div>\n\t\t\t\t<\/div>\n\t\t\t\t<div class=\"elementor-element elementor-element-608061d elementor-widget elementor-widget-heading\" data-id=\"608061d\" data-element_type=\"widget\" data-widget_type=\"heading.default\">\n\t\t\t\t<div class=\"elementor-widget-container\">\n\t\t\t<h2 class=\"elementor-heading-title elementor-size-default\">\u00bfQui som?<\/h2>\t\t<\/div>\n\t\t\t\t<\/div>\n\t\t\t\t<div class=\"elementor-element elementor-element-02fe61c elementor-widget elementor-widget-text-editor\" data-id=\"02fe61c\" data-element_type=\"widget\" data-widget_type=\"text-editor.default\">\n\t\t\t\t<div class=\"elementor-widget-container\">\n\t\t\t\t\t\t\t<div class=\"flex flex-grow flex-col gap-3\">\n<div class=\"min-h-[20px] flex items-start overflow-x-auto whitespace-pre-wrap break-words flex-col gap-4\">\n<div class=\"markdown prose w-full break-words dark:prose-invert light\">\n<p>Amb seu a Matar\u00f3, Barcelona, som una empresa especialitzada en brodats amb una s\u00f2lida experi\u00e8ncia al sector t\u00e8xtil des del 1982. Oferim una \u00e0mplia gamma de serveis de brodat, des d&#8217;opcions industrials fins a personalitzades, adaptades a una varietat infinita de productes.<\/p>\n<p>A la nostra empresa de brodats a Barcelona, comptem amb una \u00e0mplia gamma de maquin\u00e0ria, que inclou des d&#8217;equips de 4 caps per a produccions m\u00e9s petites fins a m\u00faltiples m\u00e0quines de 15 caps per dur a terme grans quantitats. A m\u00e9s, podem combinar el nostre tall l\u00e0ser amb les darreres tecnologies, brindant aix\u00ed opcions vers\u00e0tils i avantguardistes.<\/p>\n<p>El nostre equip altament capacitat es dedica a oferir resultats d&#8217;alta qualitat, mantenint sempre l&#8217;atenci\u00f3 al detall i la precisi\u00f3 a cada projecte. Ja sigui que necessitis brodats per a peces de vestir, articles promocionals o qualsevol altre tipus de producte, estem preparats per complir els teus requisits i superar les teves expectatives.<\/p>\n<p>Confia en la nostra experi\u00e8ncia i professionalisme per oferir solucions de brodat personalitzades i adaptades a les teves necessitats. Estem compromesos amb la satisfacci\u00f3 del client i us convidem a contactar-nos per obtenir m\u00e9s informaci\u00f3 sobre els nostres serveis i sol\u00b7licitar un pressupost personalitzat.<\/p>\n<\/div>\n<\/div>\n<\/div>\n\t\t\t\t\t\t<\/div>\n\t\t\t\t<\/div>\n\t\t\t\t\t<\/div>\n\t\t<\/div>\n\t\t\t\t\t<\/div>\n\t\t<\/section>\n\t\t\t\t<section class=\"elementor-section elementor-top-section elementor-element elementor-element-af2d4de elementor-section-boxed elementor-section-height-default elementor-section-height-default qodef-elementor-content-no\" data-id=\"af2d4de\" data-element_type=\"section\" data-settings=\"{&quot;background_background&quot;:&quot;classic&quot;}\">\n\t\t\t\t\t\t<div class=\"elementor-container elementor-column-gap-default\">\n\t\t\t\t\t<div class=\"elementor-column elementor-col-50 elementor-top-column elementor-element elementor-element-c0039be\" data-id=\"c0039be\" data-element_type=\"column\">\n\t\t\t<div class=\"elementor-widget-wrap elementor-element-populated\">\n\t\t\t\t\t\t<div class=\"elementor-element elementor-element-d83b9bf elementor-widget elementor-widget-heading\" data-id=\"d83b9bf\" data-element_type=\"widget\" data-widget_type=\"heading.default\">\n\t\t\t\t<div class=\"elementor-widget-container\">\n\t\t\t<h4 class=\"elementor-heading-title elementor-size-default\">TOTS ELS PRODUCTES<\/h4>\t\t<\/div>\n\t\t\t\t<\/div>\n\t\t\t\t<div class=\"elementor-element elementor-element-392925c elementor-widget elementor-widget-heading\" data-id=\"392925c\" data-element_type=\"widget\" data-widget_type=\"heading.default\">\n\t\t\t\t<div class=\"elementor-widget-container\">\n\t\t\t<h2 class=\"elementor-heading-title elementor-size-default\">Totes les t\u00e8cniques<\/h2>\t\t<\/div>\n\t\t\t\t<\/div>\n\t\t\t\t<div class=\"elementor-element elementor-element-af6e771 elementor-widget elementor-widget-text-editor\" data-id=\"af6e771\" data-element_type=\"widget\" data-widget_type=\"text-editor.default\">\n\t\t\t\t<div class=\"elementor-widget-container\">\n\t\t\t\t\t\t\t<div class=\"flex flex-grow flex-col gap-3\">\n<div class=\"min-h-[20px] flex items-start overflow-x-auto whitespace-pre-wrap break-words flex-col gap-4\">\n<div class=\"markdown prose w-full break-words dark:prose-invert light\">\n<p>A Bordados Europa L\u00e0ser, oferim personalitzaci\u00f3 d&#8217;una \u00e0mplia gamma de productes, des de samarretes fins a articles de marxandatge com gorres, bosses, para-sols, ventalls i paraig\u00fces. El nostre enfocament \u00e9s adaptar-nos a les teves necessitats, sense importar la quantitat requerida, oferint solucions de brodat per a comandes de qualsevol mida. <\/p>\n<\/div>\n<\/div>\n<\/div>\n\t\t\t\t\t\t<\/div>\n\t\t\t\t<\/div>\n\t\t\t\t<div class=\"elementor-element elementor-element-02e04e4 elementor-widget elementor-widget-text-editor\" data-id=\"02e04e4\" data-element_type=\"widget\" data-widget_type=\"text-editor.default\">\n\t\t\t\t<div class=\"elementor-widget-container\">\n\t\t\t\t\t\t\t<div class=\"flex flex-grow flex-col gap-3\">\n<div class=\"min-h-[20px] flex items-start overflow-x-auto whitespace-pre-wrap break-words flex-col gap-4\">\n<div class=\"markdown prose w-full break-words dark:prose-invert light\">\n<p>Com a professionals dels <strong>brodats a Barcelona<\/strong> comptem amb servei d&#8217;enregistrament l\u00e0ser, <a href=\"http:\/\/www.bordadoseuropa.com\/bordado-de-ropa-laboral-en-barcelona\">brodat<\/a>, impressi\u00f3 digital sobre t\u00e8xtil, tampografia, <a href=\"http:\/\/www.bordadoseuropa.com\/serigrafia-textil-en-barcelona\">serigrafia<\/a> i termogravat. Aix\u00f2 ens facilita oferir preus molt competitius i terminis de lliurament curts que s&#8217;adapten en tot moment a les vostres necessitats sense deixar de banda la qualitat.<\/p>\n<\/div>\n<\/div>\n<\/div>\n\t\t\t\t\t\t<\/div>\n\t\t\t\t<\/div>\n\t\t\t\t<div class=\"elementor-element elementor-element-c421ae3 elementor-widget elementor-widget-text-editor\" data-id=\"c421ae3\" data-element_type=\"widget\" data-widget_type=\"text-editor.default\">\n\t\t\t\t<div class=\"elementor-widget-container\">\n\t\t\t\t\t\t\t<div class=\"flex flex-grow flex-col gap-3\">\n<div class=\"min-h-[20px] flex items-start overflow-x-auto whitespace-pre-wrap break-words flex-col gap-4\">\n<div class=\"markdown prose w-full break-words dark:prose-invert light\">\n<p>Disposem d\u00b4un equip hum\u00e0 amb experi\u00e8ncia en diferents especialitats, dedicat exclusivament a satisfer i donar resposta a totes les teves necessitats. <a href=\"http:\/\/www.bordadoseuropa.com\/bordados-europa-laser-en-mataro\">Consulteu-nos<\/a> sense cap mena de comprom\u00eds sobre el vostre projecte: podrem assessorar-vos sobre tot tipus de q\u00fcestions t\u00e8cniques i ajustar el pressupost als vostres requeriments.<\/p>\n<\/div>\n<\/div>\n<\/div>\n\t\t\t\t\t\t<\/div>\n\t\t\t\t<\/div>\n\t\t\t\t\t<\/div>\n\t\t<\/div>\n\t\t\t\t<div class=\"elementor-column elementor-col-50 elementor-top-column elementor-element elementor-element-41f3a7b\" data-id=\"41f3a7b\" data-element_type=\"column\">\n\t\t\t<div class=\"elementor-widget-wrap elementor-element-populated\">\n\t\t\t\t\t\t<div class=\"elementor-element elementor-element-7dca080 elementor-widget elementor-widget-video\" data-id=\"7dca080\" data-element_type=\"widget\" data-settings=\"{&quot;video_type&quot;:&quot;hosted&quot;,&quot;autoplay&quot;:&quot;yes&quot;,&quot;play_on_mobile&quot;:&quot;yes&quot;,&quot;loop&quot;:&quot;yes&quot;,&quot;controls&quot;:&quot;yes&quot;}\" data-widget_type=\"video.default\">\n\t\t\t\t<div class=\"elementor-widget-container\">\n\t\t\t\t\t<div class=\"e-hosted-video elementor-wrapper elementor-open-inline\">\n\t\t\t\t\t<video class=\"elementor-video\" src=\"https:\/\/boreuro.com\/wp-content\/uploads\/2023\/06\/video_empresa.mp4\" autoplay=\"\" loop=\"\" controls=\"\" playsinline=\"\" controlsList=\"nodownload\"><\/video>\n\t\t\t\t<\/div>\n\t\t\t\t<\/div>\n\t\t\t\t<\/div>\n\t\t\t\t\t<\/div>\n\t\t<\/div>\n\t\t\t\t\t<\/div>\n\t\t<\/section>\n\t\t\t\t<\/div>\n\t\t","protected":false},"excerpt":{"rendered":"<p>BRODATS A BARCELONA \u00bfQui som? Amb seu a Matar\u00f3, Barcelona, som una empresa especialitzada en brodats amb una s\u00f2lida experi\u00e8ncia al sector t\u00e8xtil des del 1982. Oferim una \u00e0mplia gamma de serveis de brodat, des d&#8217;opcions industrials fins a personalitzades, adaptades a una varietat infinita de productes. A la nostra empresa de brodats a Barcelona, [&hellip;]<\/p>\n","protected":false},"author":1,"featured_media":0,"parent":0,"menu_order":0,"comment_status":"closed","ping_status":"closed","template":"page-full-width.php","meta":[],"yoast_head":"<!-- This site is optimized with the Yoast SEO plugin v20.10 - https:\/\/yoast.com\/wordpress\/plugins\/seo\/ -->\n<title>Empresa - Bordados Europa<\/title>\n<meta name=\"robots\" content=\"index, follow, max-snippet:-1, max-image-preview:large, max-video-preview:-1\" \/>\n<link rel=\"canonical\" href=\"https:\/\/boreuro.com\/ca\/nosaltres\/\" \/>\n<meta property=\"og:locale\" content=\"ca_ES\" \/>\n<meta property=\"og:type\" content=\"article\" \/>\n<meta property=\"og:title\" content=\"Empresa - Bordados Europa\" \/>\n<meta property=\"og:description\" content=\"BRODATS A BARCELONA \u00bfQui som? Amb seu a Matar\u00f3, Barcelona, som una empresa especialitzada en brodats amb una s\u00f2lida experi\u00e8ncia al sector t\u00e8xtil des del 1982. Oferim una \u00e0mplia gamma de serveis de brodat, des d&#8217;opcions industrials fins a personalitzades, adaptades a una varietat infinita de productes. A la nostra empresa de brodats a Barcelona, [&hellip;]\" \/>\n<meta property=\"og:url\" content=\"https:\/\/boreuro.com\/ca\/nosaltres\/\" \/>\n<meta property=\"og:site_name\" content=\"Bordados Europa\" \/>\n<meta property=\"article:modified_time\" content=\"2024-02-12T11:42:23+00:00\" \/>\n<meta property=\"og:image\" content=\"https:\/\/boreuro.com\/wp-content\/uploads\/2023\/06\/empresa_ima_1.jpg\" \/>\n<meta name=\"twitter:card\" content=\"summary_large_image\" \/>\n<meta name=\"twitter:label1\" content=\"Est. reading time\" \/>\n\t<meta name=\"twitter:data1\" content=\"2 minutes\" \/>\n<script type=\"application\/ld+json\" class=\"yoast-schema-graph\">{\"@context\":\"https:\/\/schema.org\",\"@graph\":[{\"@type\":\"WebPage\",\"@id\":\"https:\/\/boreuro.com\/ca\/nosaltres\/\",\"url\":\"https:\/\/boreuro.com\/ca\/nosaltres\/\",\"name\":\"Empresa - Bordados Europa\",\"isPartOf\":{\"@id\":\"https:\/\/boreuro.com\/ca\/#website\"},\"datePublished\":\"2021-08-06T14:15:13+00:00\",\"dateModified\":\"2024-02-12T11:42:23+00:00\",\"breadcrumb\":{\"@id\":\"https:\/\/boreuro.com\/ca\/nosaltres\/#breadcrumb\"},\"inLanguage\":\"ca\",\"potentialAction\":[{\"@type\":\"ReadAction\",\"target\":[\"https:\/\/boreuro.com\/ca\/nosaltres\/\"]}]},{\"@type\":\"BreadcrumbList\",\"@id\":\"https:\/\/boreuro.com\/ca\/nosaltres\/#breadcrumb\",\"itemListElement\":[{\"@type\":\"ListItem\",\"position\":1,\"name\":\"Portada\",\"item\":\"https:\/\/boreuro.com\/ca\/bordados-europa\/\"},{\"@type\":\"ListItem\",\"position\":2,\"name\":\"Empresa\"}]},{\"@type\":\"WebSite\",\"@id\":\"https:\/\/boreuro.com\/ca\/#website\",\"url\":\"https:\/\/boreuro.com\/ca\/\",\"name\":\"Bordados Europa\",\"description\":\"\",\"publisher\":{\"@id\":\"https:\/\/boreuro.com\/ca\/#organization\"},\"potentialAction\":[{\"@type\":\"SearchAction\",\"target\":{\"@type\":\"EntryPoint\",\"urlTemplate\":\"https:\/\/boreuro.com\/ca\/?s={search_term_string}\"},\"query-input\":\"required name=search_term_string\"}],\"inLanguage\":\"ca\"},{\"@type\":\"Organization\",\"@id\":\"https:\/\/boreuro.com\/ca\/#organization\",\"name\":\"Bordados Europa\",\"url\":\"https:\/\/boreuro.com\/ca\/\",\"logo\":{\"@type\":\"ImageObject\",\"inLanguage\":\"ca\",\"@id\":\"https:\/\/boreuro.com\/ca\/#\/schema\/logo\/image\/\",\"url\":\"https:\/\/boreuro.com\/wp-content\/uploads\/2023\/04\/logo_color.png\",\"contentUrl\":\"https:\/\/boreuro.com\/wp-content\/uploads\/2023\/04\/logo_color.png\",\"width\":300,\"height\":129,\"caption\":\"Bordados Europa\"},\"image\":{\"@id\":\"https:\/\/boreuro.com\/ca\/#\/schema\/logo\/image\/\"}}]}<\/script>\n<!-- \/ Yoast SEO plugin. -->","yoast_head_json":{"title":"Empresa - Bordados Europa","robots":{"index":"index","follow":"follow","max-snippet":"max-snippet:-1","max-image-preview":"max-image-preview:large","max-video-preview":"max-video-preview:-1"},"canonical":"https:\/\/boreuro.com\/ca\/nosaltres\/","og_locale":"ca_ES","og_type":"article","og_title":"Empresa - Bordados Europa","og_description":"BRODATS A BARCELONA \u00bfQui som? Amb seu a Matar\u00f3, Barcelona, som una empresa especialitzada en brodats amb una s\u00f2lida experi\u00e8ncia al sector t\u00e8xtil des del 1982. Oferim una \u00e0mplia gamma de serveis de brodat, des d&#8217;opcions industrials fins a personalitzades, adaptades a una varietat infinita de productes. A la nostra empresa de brodats a Barcelona, [&hellip;]","og_url":"https:\/\/boreuro.com\/ca\/nosaltres\/","og_site_name":"Bordados Europa","article_modified_time":"2024-02-12T11:42:23+00:00","og_image":[{"url":"https:\/\/boreuro.com\/wp-content\/uploads\/2023\/06\/empresa_ima_1.jpg"}],"twitter_card":"summary_large_image","twitter_misc":{"Est. reading time":"2 minutes"},"schema":{"@context":"https:\/\/schema.org","@graph":[{"@type":"WebPage","@id":"https:\/\/boreuro.com\/ca\/nosaltres\/","url":"https:\/\/boreuro.com\/ca\/nosaltres\/","name":"Empresa - Bordados Europa","isPartOf":{"@id":"https:\/\/boreuro.com\/ca\/#website"},"datePublished":"2021-08-06T14:15:13+00:00","dateModified":"2024-02-12T11:42:23+00:00","breadcrumb":{"@id":"https:\/\/boreuro.com\/ca\/nosaltres\/#breadcrumb"},"inLanguage":"ca","potentialAction":[{"@type":"ReadAction","target":["https:\/\/boreuro.com\/ca\/nosaltres\/"]}]},{"@type":"BreadcrumbList","@id":"https:\/\/boreuro.com\/ca\/nosaltres\/#breadcrumb","itemListElement":[{"@type":"ListItem","position":1,"name":"Portada","item":"https:\/\/boreuro.com\/ca\/bordados-europa\/"},{"@type":"ListItem","position":2,"name":"Empresa"}]},{"@type":"WebSite","@id":"https:\/\/boreuro.com\/ca\/#website","url":"https:\/\/boreuro.com\/ca\/","name":"Bordados Europa","description":"","publisher":{"@id":"https:\/\/boreuro.com\/ca\/#organization"},"potentialAction":[{"@type":"SearchAction","target":{"@type":"EntryPoint","urlTemplate":"https:\/\/boreuro.com\/ca\/?s={search_term_string}"},"query-input":"required name=search_term_string"}],"inLanguage":"ca"},{"@type":"Organization","@id":"https:\/\/boreuro.com\/ca\/#organization","name":"Bordados Europa","url":"https:\/\/boreuro.com\/ca\/","logo":{"@type":"ImageObject","inLanguage":"ca","@id":"https:\/\/boreuro.com\/ca\/#\/schema\/logo\/image\/","url":"https:\/\/boreuro.com\/wp-content\/uploads\/2023\/04\/logo_color.png","contentUrl":"https:\/\/boreuro.com\/wp-content\/uploads\/2023\/04\/logo_color.png","width":300,"height":129,"caption":"Bordados Europa"},"image":{"@id":"https:\/\/boreuro.com\/ca\/#\/schema\/logo\/image\/"}}]}},"_links":{"self":[{"href":"https:\/\/boreuro.com\/ca\/wp-json\/wp\/v2\/pages\/8429"}],"collection":[{"href":"https:\/\/boreuro.com\/ca\/wp-json\/wp\/v2\/pages"}],"about":[{"href":"https:\/\/boreuro.com\/ca\/wp-json\/wp\/v2\/types\/page"}],"author":[{"embeddable":true,"href":"https:\/\/boreuro.com\/ca\/wp-json\/wp\/v2\/users\/1"}],"replies":[{"embeddable":true,"href":"https:\/\/boreuro.com\/ca\/wp-json\/wp\/v2\/comments?post=8429"}],"version-history":[{"count":10,"href":"https:\/\/boreuro.com\/ca\/wp-json\/wp\/v2\/pages\/8429\/revisions"}],"predecessor-version":[{"id":8844,"href":"https:\/\/boreuro.com\/ca\/wp-json\/wp\/v2\/pages\/8429\/revisions\/8844"}],"wp:attachment":[{"href":"https:\/\/boreuro.com\/ca\/wp-json\/wp\/v2\/media?parent=8429"}],"curies":[{"name":"wp","href":"https:\/\/api.w.org\/{rel}","templated":true}]}}