{"id":8415,"date":"2023-04-12T08:07:28","date_gmt":"2023-04-12T08:07:28","guid":{"rendered":"https:\/\/boreuro.com\/accessibilidad\/"},"modified":"2023-07-07T11:17:34","modified_gmt":"2023-07-07T11:17:34","slug":"accessibilitat","status":"publish","type":"page","link":"https:\/\/boreuro.com\/ca\/accessibilitat\/","title":{"rendered":"Accessibilitat"},"content":{"rendered":"\t\t<div data-elementor-type=\"wp-page\" data-elementor-id=\"8415\" class=\"elementor elementor-8415 elementor-7983\" data-elementor-post-type=\"page\">\n\t\t\t\t\t\t<section class=\"elementor-section elementor-top-section elementor-element elementor-element-1723fc6 elementor-section-boxed elementor-section-height-default elementor-section-height-default qodef-elementor-content-no\" data-id=\"1723fc6\" data-element_type=\"section\" data-settings=\"{&quot;background_background&quot;:&quot;classic&quot;}\">\n\t\t\t\t\t\t<div class=\"elementor-container elementor-column-gap-default\">\n\t\t\t\t\t<div class=\"elementor-column elementor-col-100 elementor-top-column elementor-element elementor-element-70c52fe\" data-id=\"70c52fe\" data-element_type=\"column\" data-settings=\"{&quot;background_background&quot;:&quot;classic&quot;}\">\n\t\t\t<div class=\"elementor-widget-wrap elementor-element-populated\">\n\t\t\t\t\t\t<div class=\"elementor-element elementor-element-d7aacd6 elementor-widget elementor-widget-heading\" data-id=\"d7aacd6\" data-element_type=\"widget\" data-widget_type=\"heading.default\">\n\t\t\t\t<div class=\"elementor-widget-container\">\n\t\t\t<h1 class=\"elementor-heading-title elementor-size-default\">Accessibilitat<\/h1>\t\t<\/div>\n\t\t\t\t<\/div>\n\t\t\t\t\t<\/div>\n\t\t<\/div>\n\t\t\t\t\t<\/div>\n\t\t<\/section>\n\t\t\t\t<section class=\"elementor-section elementor-top-section elementor-element elementor-element-98bfbc1 elementor-section-boxed elementor-section-height-default elementor-section-height-default qodef-elementor-content-no\" data-id=\"98bfbc1\" data-element_type=\"section\">\n\t\t\t\t\t\t<div class=\"elementor-container elementor-column-gap-no\">\n\t\t\t\t\t<div class=\"elementor-column elementor-col-100 elementor-top-column elementor-element elementor-element-24d88fe\" data-id=\"24d88fe\" data-element_type=\"column\">\n\t\t\t<div class=\"elementor-widget-wrap elementor-element-populated\">\n\t\t\t\t\t\t<div class=\"elementor-element elementor-element-72ba9fd elementor-widget elementor-widget-text-editor\" data-id=\"72ba9fd\" data-element_type=\"widget\" data-widget_type=\"text-editor.default\">\n\t\t\t\t<div class=\"elementor-widget-container\">\n\t\t\t\t\t\t\t<p>Volem que tothom que visiti la web de Bordados Europa L\u00e0ser se senti benvingut i trobi l&#8217;experi\u00e8ncia gratificant.<\/p>\n<p>Qu\u00e8 estem fent?<br \/>Per a ajudar-nos a fer de la web de Bordados Europa L\u00e0ser un lloc positiu per a tots, hem estat utilitzant les Directrius d&#8217;accessibilitat al contingut web (WCAG) 2.1. Aquestes directrius expliquen com fer que el contingut web sigui m\u00e9s accessible per a persones amb discapacitat i f\u00e0cil d&#8217;utilitzar per a tots.<\/p>\n<p>Les directrius tenen tres nivells d&#8217;accessibilitat (A, AA y AAA). Hem triat el nivell AA com a objectiu de la web de Bordados Europa L\u00e0ser.<\/p>\n<p>Com ho fem?<br \/>Hem treballat molt en la web de Bordados Europa L\u00e0ser i creiem que hem aconseguit el nostre objectiu d&#8217;accessibilitat de nivell AA. Supervisem el lloc web peri\u00f2dicament per a mantenir-lo, per\u00f2 si troba algun problema, posi&#8217;s en contacte.<\/p>\n<p>Faci&#8217;ns saber qu\u00e8 li sembla<br \/>Si li ha agradat utilitzar la web de Borados Europa L\u00e0ser, o si ha tingut problemes amb alguna part d&#8217;ella, posi&#8217;s en contacte. Ens agradaria rebre not\u00edcies seves de qualsevol de les seg\u00fcents formes:<\/p>\n<p>envia&#8217;ns un correu electr\u00f2nic a info@boreuro.com<br \/>truca&#8217;ns al 937578227<br \/>posa&#8217;t en contacte en https:\/\/boreuro.com\/contacto<\/p>\n\t\t\t\t\t\t<\/div>\n\t\t\t\t<\/div>\n\t\t\t\t\t<\/div>\n\t\t<\/div>\n\t\t\t\t\t<\/div>\n\t\t<\/section>\n\t\t\t\t<\/div>\n\t\t","protected":false},"excerpt":{"rendered":"<p>Volem que tothom que visiti la web de Bordados Europa L\u00e0ser se senti benvingut i trobi l&#8217;experi\u00e8ncia gratificant. Qu\u00e8 estem fent?Per a ajudar-nos a fer de la web de Bordados Europa L\u00e0ser un lloc positiu per a tots, hem estat utilitzant les Directrius d&#8217;accessibilitat al contingut web (WCAG) 2.1. Aquestes directrius expliquen com fer que [&hellip;]<\/p>\n","protected":false},"author":1,"featured_media":0,"parent":0,"menu_order":0,"comment_status":"closed","ping_status":"closed","template":"elementor_header_footer","meta":[],"yoast_head":"<!-- This site is optimized with the Yoast SEO plugin v20.10 - https:\/\/yoast.com\/wordpress\/plugins\/seo\/ -->\n<title>Accessibilitat - Bordados Europa<\/title>\n<meta name=\"robots\" content=\"index, follow, max-snippet:-1, max-image-preview:large, max-video-preview:-1\" \/>\n<link rel=\"canonical\" href=\"https:\/\/boreuro.com\/ca\/accessibilitat\/\" \/>\n<meta property=\"og:locale\" content=\"ca_ES\" \/>\n<meta property=\"og:type\" content=\"article\" \/>\n<meta property=\"og:title\" content=\"Accessibilitat - Bordados Europa\" \/>\n<meta property=\"og:description\" content=\"Volem que tothom que visiti la web de Bordados Europa L\u00e0ser se senti benvingut i trobi l&#8217;experi\u00e8ncia gratificant. Qu\u00e8 estem fent?Per a ajudar-nos a fer de la web de Bordados Europa L\u00e0ser un lloc positiu per a tots, hem estat utilitzant les Directrius d&#8217;accessibilitat al contingut web (WCAG) 2.1. Aquestes directrius expliquen com fer que [&hellip;]\" \/>\n<meta property=\"og:url\" content=\"https:\/\/boreuro.com\/ca\/accessibilitat\/\" \/>\n<meta property=\"og:site_name\" content=\"Bordados Europa\" \/>\n<meta property=\"article:modified_time\" content=\"2023-07-07T11:17:34+00:00\" \/>\n<meta name=\"twitter:card\" content=\"summary_large_image\" \/>\n<meta name=\"twitter:label1\" content=\"Est. reading time\" \/>\n\t<meta name=\"twitter:data1\" content=\"2 minutes\" \/>\n<script type=\"application\/ld+json\" class=\"yoast-schema-graph\">{\"@context\":\"https:\/\/schema.org\",\"@graph\":[{\"@type\":\"WebPage\",\"@id\":\"https:\/\/boreuro.com\/ca\/accessibilitat\/\",\"url\":\"https:\/\/boreuro.com\/ca\/accessibilitat\/\",\"name\":\"Accessibilitat - Bordados Europa\",\"isPartOf\":{\"@id\":\"https:\/\/boreuro.com\/ca\/#website\"},\"datePublished\":\"2023-04-12T08:07:28+00:00\",\"dateModified\":\"2023-07-07T11:17:34+00:00\",\"breadcrumb\":{\"@id\":\"https:\/\/boreuro.com\/ca\/accessibilitat\/#breadcrumb\"},\"inLanguage\":\"ca\",\"potentialAction\":[{\"@type\":\"ReadAction\",\"target\":[\"https:\/\/boreuro.com\/ca\/accessibilitat\/\"]}]},{\"@type\":\"BreadcrumbList\",\"@id\":\"https:\/\/boreuro.com\/ca\/accessibilitat\/#breadcrumb\",\"itemListElement\":[{\"@type\":\"ListItem\",\"position\":1,\"name\":\"Portada\",\"item\":\"https:\/\/boreuro.com\/ca\/bordados-europa\/\"},{\"@type\":\"ListItem\",\"position\":2,\"name\":\"Accessibilitat\"}]},{\"@type\":\"WebSite\",\"@id\":\"https:\/\/boreuro.com\/ca\/#website\",\"url\":\"https:\/\/boreuro.com\/ca\/\",\"name\":\"Bordados Europa\",\"description\":\"\",\"publisher\":{\"@id\":\"https:\/\/boreuro.com\/ca\/#organization\"},\"potentialAction\":[{\"@type\":\"SearchAction\",\"target\":{\"@type\":\"EntryPoint\",\"urlTemplate\":\"https:\/\/boreuro.com\/ca\/?s={search_term_string}\"},\"query-input\":\"required name=search_term_string\"}],\"inLanguage\":\"ca\"},{\"@type\":\"Organization\",\"@id\":\"https:\/\/boreuro.com\/ca\/#organization\",\"name\":\"Bordados Europa\",\"url\":\"https:\/\/boreuro.com\/ca\/\",\"logo\":{\"@type\":\"ImageObject\",\"inLanguage\":\"ca\",\"@id\":\"https:\/\/boreuro.com\/ca\/#\/schema\/logo\/image\/\",\"url\":\"https:\/\/boreuro.com\/wp-content\/uploads\/2023\/04\/logo_color.png\",\"contentUrl\":\"https:\/\/boreuro.com\/wp-content\/uploads\/2023\/04\/logo_color.png\",\"width\":300,\"height\":129,\"caption\":\"Bordados Europa\"},\"image\":{\"@id\":\"https:\/\/boreuro.com\/ca\/#\/schema\/logo\/image\/\"}}]}<\/script>\n<!-- \/ Yoast SEO plugin. -->","yoast_head_json":{"title":"Accessibilitat - Bordados Europa","robots":{"index":"index","follow":"follow","max-snippet":"max-snippet:-1","max-image-preview":"max-image-preview:large","max-video-preview":"max-video-preview:-1"},"canonical":"https:\/\/boreuro.com\/ca\/accessibilitat\/","og_locale":"ca_ES","og_type":"article","og_title":"Accessibilitat - Bordados Europa","og_description":"Volem que tothom que visiti la web de Bordados Europa L\u00e0ser se senti benvingut i trobi l&#8217;experi\u00e8ncia gratificant. Qu\u00e8 estem fent?Per a ajudar-nos a fer de la web de Bordados Europa L\u00e0ser un lloc positiu per a tots, hem estat utilitzant les Directrius d&#8217;accessibilitat al contingut web (WCAG) 2.1. Aquestes directrius expliquen com fer que [&hellip;]","og_url":"https:\/\/boreuro.com\/ca\/accessibilitat\/","og_site_name":"Bordados Europa","article_modified_time":"2023-07-07T11:17:34+00:00","twitter_card":"summary_large_image","twitter_misc":{"Est. reading time":"2 minutes"},"schema":{"@context":"https:\/\/schema.org","@graph":[{"@type":"WebPage","@id":"https:\/\/boreuro.com\/ca\/accessibilitat\/","url":"https:\/\/boreuro.com\/ca\/accessibilitat\/","name":"Accessibilitat - Bordados Europa","isPartOf":{"@id":"https:\/\/boreuro.com\/ca\/#website"},"datePublished":"2023-04-12T08:07:28+00:00","dateModified":"2023-07-07T11:17:34+00:00","breadcrumb":{"@id":"https:\/\/boreuro.com\/ca\/accessibilitat\/#breadcrumb"},"inLanguage":"ca","potentialAction":[{"@type":"ReadAction","target":["https:\/\/boreuro.com\/ca\/accessibilitat\/"]}]},{"@type":"BreadcrumbList","@id":"https:\/\/boreuro.com\/ca\/accessibilitat\/#breadcrumb","itemListElement":[{"@type":"ListItem","position":1,"name":"Portada","item":"https:\/\/boreuro.com\/ca\/bordados-europa\/"},{"@type":"ListItem","position":2,"name":"Accessibilitat"}]},{"@type":"WebSite","@id":"https:\/\/boreuro.com\/ca\/#website","url":"https:\/\/boreuro.com\/ca\/","name":"Bordados Europa","description":"","publisher":{"@id":"https:\/\/boreuro.com\/ca\/#organization"},"potentialAction":[{"@type":"SearchAction","target":{"@type":"EntryPoint","urlTemplate":"https:\/\/boreuro.com\/ca\/?s={search_term_string}"},"query-input":"required name=search_term_string"}],"inLanguage":"ca"},{"@type":"Organization","@id":"https:\/\/boreuro.com\/ca\/#organization","name":"Bordados Europa","url":"https:\/\/boreuro.com\/ca\/","logo":{"@type":"ImageObject","inLanguage":"ca","@id":"https:\/\/boreuro.com\/ca\/#\/schema\/logo\/image\/","url":"https:\/\/boreuro.com\/wp-content\/uploads\/2023\/04\/logo_color.png","contentUrl":"https:\/\/boreuro.com\/wp-content\/uploads\/2023\/04\/logo_color.png","width":300,"height":129,"caption":"Bordados Europa"},"image":{"@id":"https:\/\/boreuro.com\/ca\/#\/schema\/logo\/image\/"}}]}},"_links":{"self":[{"href":"https:\/\/boreuro.com\/ca\/wp-json\/wp\/v2\/pages\/8415"}],"collection":[{"href":"https:\/\/boreuro.com\/ca\/wp-json\/wp\/v2\/pages"}],"about":[{"href":"https:\/\/boreuro.com\/ca\/wp-json\/wp\/v2\/types\/page"}],"author":[{"embeddable":true,"href":"https:\/\/boreuro.com\/ca\/wp-json\/wp\/v2\/users\/1"}],"replies":[{"embeddable":true,"href":"https:\/\/boreuro.com\/ca\/wp-json\/wp\/v2\/comments?post=8415"}],"version-history":[{"count":6,"href":"https:\/\/boreuro.com\/ca\/wp-json\/wp\/v2\/pages\/8415\/revisions"}],"predecessor-version":[{"id":8852,"href":"https:\/\/boreuro.com\/ca\/wp-json\/wp\/v2\/pages\/8415\/revisions\/8852"}],"wp:attachment":[{"href":"https:\/\/boreuro.com\/ca\/wp-json\/wp\/v2\/media?parent=8415"}],"curies":[{"name":"wp","href":"https:\/\/api.w.org\/{rel}","templated":true}]}}